{"id":8,"date":"2021-03-16T11:00:03","date_gmt":"2021-03-16T11:00:03","guid":{"rendered":"https:\/\/www.szkolarysunkukalisz.pl\/?page_id=8"},"modified":"2025-08-04T15:47:15","modified_gmt":"2025-08-04T15:47:15","slug":"gliniana","status":"publish","type":"page","link":"https:\/\/www.szkolarysunkukalisz.pl\/","title":{"rendered":"O nas"},"content":{"rendered":"\n<p><strong>W minionym roku szkolnym osi\u0105gn\u0119li\u015bmy 100-procentow\u0105 zdawalno\u015b\u0107 na uczelnie wy\u017csze. W 2025 mamy nowych pierwszoroczniak\u00f3w na Politechnice Wroc\u0142awskiej, Pozna\u0144skiej, \u0141\u00f3dzkiej oraz Akademii Sztuk Pi\u0119knych we Wroc\u0142awiu i UAP Pozna\u0144. Najwy\u017cszy uzyskane wynik to 11 miejsce na li\u015bcie Architektury Politechniki Warszawskiej 155\/200 punkt\u00f3w, pi\u0119kny wynik tak\u017ce w \u0141odzi 450\/500 punkt\u00f3w, oraz we Wroc\u0142awiu 580\/660. <\/strong><\/p>\n\n\n\n<p><\/p>\n\n\n\n<p><\/p>\n\n\n\n<p><\/p>\n\n\n\n<div class=\"wp-block-group\"><div class=\"wp-block-group__inner-container is-layout-flow wp-block-group-is-layout-flow\">\n<p class=\"has-text-align-center\">To co nas wyr\u00f3\u017cnia to przede wszystkim jedyna taka oferta w mie\u015bcie, dogodne terminy zaj\u0119\u0107, prowadz\u0105cy o wykszta\u0142ceniu artystycznym oraz architektonicznym oraz dogodna lokalizacja.&nbsp;<br>Z w\u0142asnego do\u015bwiadczenia wiemy co znaczy po\u015bwi\u0119cenie dla realizacji w\u0142asnych pasji, wielogodzinne dojazdy do Wroc\u0142awia, Poznania czy te\u017c \u0141odzi oraz towarzysz\u0105ce im zm\u0119czenie. Nasza oferta zaoszcz\u0119dzi czas i pieni\u0105dze. Zamiast czeka\u0107 na kolejny poci\u0105g mo\u017cna spo\u017cytkowa\u0107 swoj\u0105 energi\u0119 na doskonalenie warsztatu.<\/p>\n\n\n\n<p class=\"has-text-align-center\"><\/p>\n\n\n\n<div style=\"height:0px\" aria-hidden=\"true\" class=\"wp-block-spacer\"><\/div>\n<\/div><\/div>\n\n\n\n<h2 class=\"wp-block-heading has-text-align-center has-text-color\" style=\"color:#f50358\">Opinie<\/h2>\n\n\n\n<blockquote class=\"wp-block-quote is-layout-flow wp-block-quote-is-layout-flow\">\n<p>&#8222;Ucz\u0119szcza\u0142em do szko\u0142y rysunku Gliniana, b\u0119d\u0105c w liceum. Dzi\u015b dzi\u0119ki umiej\u0119tno\u015bci\u0105 nabytym w tej szkole, pracuj\u0119 w swoim wymarzonym zawodzie b\u0119d\u0105c tatua\u017cyst\u0105 w jednym z najlepszych studi\u00f3w tatua\u017cu we Wroc\u0142awiu. Pozdrawiam moich nauczycieli, Natali\u0119 i Piotrka za serce w\u0142o\u017cone w przekazywanie swojej wiedzy \u2665&#8221;<\/p>\n<\/blockquote>\n\n\n\n<p>Dawid &#8211; tatua\u017cysta z Wroc\u0142awia<\/p>\n\n\n\n<div style=\"height:20px\" aria-hidden=\"true\" class=\"wp-block-spacer\"><\/div>\n\n\n\n<div style=\"height:20px\" aria-hidden=\"true\" class=\"wp-block-spacer\"><\/div>\n\n\n\n<blockquote class=\"wp-block-quote is-style-default is-layout-flow wp-block-quote-is-layout-flow\">\n<p>&#8221; Wspania\u0142e przygotowanie na studia na akademi\u0119&nbsp; sztuki! \u015awietni nauczyciele!&#8221;<\/p>\n<\/blockquote>\n\n\n\n<p class=\"has-text-align-left\">Karolina &#8211; absolwentka Central Saint Martins College of Art and Design<\/p>\n\n\n\n<div style=\"height:20px\" aria-hidden=\"true\" class=\"wp-block-spacer\"><\/div>\n\n\n\n<hr class=\"wp-block-separator has-text-color has-css-opacity has-background is-style-dots\" style=\"background-color:#f50358;color:#f50358\"\/>\n\n\n\n<div style=\"height:20px\" aria-hidden=\"true\" class=\"wp-block-spacer\"><\/div>\n\n\n\n<blockquote class=\"wp-block-quote is-style-default is-layout-flow wp-block-quote-is-layout-flow\">\n<p>&#8222;<em>Rewelacyjni nauczyciele z bardzo du\u017cym do\u015bwiadczeniem. Przemi\u0142a atmosfera. Po kilku latach ucz\u0119szczania na zaj\u0119cia c\u00f3rka by\u0142a bardzo dobrze przygotowana do egzamin\u00f3w do jednej z najlepszych szk\u00f3\u0142 plastycznych w Polsce. Zda\u0142a na 6! Polecam wszystkim. Jak dla mnie najlepsze miejsce w Kaliszu da dzieci i m\u0142odzie\u017cy ze zdolno\u015bciami artystycznymi. Gor\u0105co polecam!<\/em>&#8222;<\/p>\n<\/blockquote>\n\n\n\n<p class=\"has-text-align-left\">Mama Zuzi &#8211; uczennicy Liceum Plastycznego w Bydgoszczy<\/p>\n\n\n\n<div style=\"height:20px\" aria-hidden=\"true\" class=\"wp-block-spacer\"><\/div>\n\n\n\n<hr class=\"wp-block-separator has-text-color has-css-opacity has-background is-style-dots\" style=\"background-color:#f50358;color:#f50358\"\/>\n\n\n\n<div style=\"height:20px\" aria-hidden=\"true\" class=\"wp-block-spacer\"><\/div>\n\n\n\n<blockquote class=\"wp-block-quote is-style-default is-layout-flow wp-block-quote-is-layout-flow\">\n<p><em>&#8221; To by\u0142o 7 lat temu kiedy moja mama z polecenia znajomych zaprowadzi\u0142a mnie na Glinian\u0105, pocz\u0105tkowo przera\u017cona wielkim formatem 100&#215;70 cm zacz\u0119\u0142am swoj\u0105 przygod\u0119 z rysunkiem. To Natalia Pietrzykowska i Piotr Pietrzykowski u\u015bwiadomili mi co chc\u0119 robi\u0107 w \u017cyciu, przygotowali do egzamin\u00f3w, trzymali kciuki i dali kopniaka w ty\u0142ek na szcz\u0119\u015bcie. Teraz Gliniana znajduje si\u0119 na ul. Babina 17\/2, gdzie nie do\u015b\u0107, \u017ce Was naucz\u0105 rysowa\u0107, malowa\u0107, projektowa\u0107 i kreatywnie my\u015ble\u0107 to jeszcze zjecie najwi\u0119cej p\u0105czk\u00f3w w \u017cyciu z Biedronki obok. Dzi\u0119ki Wam za wsparcie i za to, \u017ce jeste\u015bcie obecni w moim \u017cyciu, do zobaczenia w Glinianej!&#8221;<\/em><\/p>\n<\/blockquote>\n\n\n\n<p class=\"has-text-align-left\">Basia &#8211; studentka Wydzia\u0142u Grafiki UMK w Toruniu<\/p>\n\n\n\n<div style=\"height:50px\" aria-hidden=\"true\" class=\"wp-block-spacer\"><\/div>\n\n\n\n<h2 class=\"wp-block-heading has-text-align-center has-text-color\" style=\"color:#f50358\">Absolwenci<\/h2>\n\n\n\n<div style=\"height:50px\" aria-hidden=\"true\" class=\"wp-block-spacer\"><\/div>\n\n\n\n<p class=\"has-text-align-center\" style=\"font-size:18px\">Kurs uwzgl\u0119dnia tematyk\u0119 i techniki stosowane na wi\u0119kszo\u015bci egzamin\u00f3w wst\u0119pnych na wy\u017csze uczelnie artystyczne oraz architektoniczne. W\u015br\u00f3d wychowank\u00f3w mamy&nbsp;student\u00f3w&nbsp;a tak\u017ce&nbsp;absolwent\u00f3w&nbsp;poni\u017cszych uczelni: Politechniki Wroc\u0142awskiej,&nbsp;Pozna\u0144skiej, \u0141\u00f3dzkiej,&nbsp;Akademii Sztuk Pi\u0119knych we Wroc\u0142awiu,&nbsp;Wydzia\u0142u Artystycznego UMK w Toruniu,&nbsp;Uniwersytetu Artystycznego w Poznaniu,&nbsp;Central Saint Martins College of Art and Design,&nbsp;University of the Arts London Fine Arts.<\/p>\n\n\n\n<div style=\"height:50px\" aria-hidden=\"true\" class=\"wp-block-spacer\"><\/div>\n\n\n\n<h2 class=\"wp-block-heading has-text-align-center has-text-color\" style=\"color:#f50358\">Prowadz\u0105cy<\/h2>\n\n\n\n<div style=\"height:50px\" aria-hidden=\"true\" class=\"wp-block-spacer\"><\/div>\n\n\n\n<div class=\"wp-block-group\"><div class=\"wp-block-group__inner-container is-layout-flow wp-block-group-is-layout-flow\">\n<h3 class=\"wp-block-heading\">Natalia Pietrzykowska<\/h3>\n\n\n\n<p>Za\u0142o\u017cycielka Szko\u0142y Rysunku Gliniana. Absolwentka Akademii Sztuk Pi\u0119knych w Poznaniu (obecnie UAP) oraz Przygotowania Pedagogicznego na WSNHiD.&nbsp;Od 14 lat prowadz\u0105ca warsztaty rysunku dla m\u0142odych adept\u00f3w sztuki we w\u0142asnej wymarzonej szkole rysunku. Edukatorka programu Stowarzyszenia Architekt\u00f3w Rzeczypospolitej Polskiej &#8222;Kszta\u0142towanie przestrzeni&#8221;. Czynna pasjonatka grafiki projektowej i warsztatowej, designu oraz architektury, matka polka rysuj\u0105ca.  Wsp\u00f3\u0142pracowa\u0142a przy takich projektach jak: opracowywanie systemu identyfikacji wizualnej Pozna\u0144 G\u0142\u00f3wny City Center (Trigranit), Portu Lotniczego Krak\u00f3w Balice, Portu Lotniczego \u0141awica, Szpitala Pediatrycznego Warszawskiego Uniwersytetu Medycznego. Laureatka, m.in. BGS Pozna\u0144 2008, BGS Pozna\u0144 2010, a tak\u017ce Satyrykonu. Uczestniczka kilkunastu wystaw w kraju i za granic\u0105. Poszukiwaczka Mi\u0119dzyczasu;)<\/p>\n<\/div><\/div>\n\n\n\n<div style=\"height:20px\" aria-hidden=\"true\" class=\"wp-block-spacer\"><\/div>\n\n\n\n<div class=\"wp-block-group\"><div class=\"wp-block-group__inner-container is-layout-flow wp-block-group-is-layout-flow\">\n<h3 class=\"wp-block-heading\">Ewa Kope\u0107<\/h3>\n\n\n\n<p>Absolwentka Wydzia\u0142u Pedagogiczno-Artystycznego w Kaliszu. Przez 23 lata zajmowa\u0142a si\u0119 edukacj\u0105 i koordynacj\u0105 zaj\u0119\u0107 artystycznych w Galerii Sztuki im. Jana Tarasina. Uczy rysunku we wszystkich grupach wiekowych naszej szko\u0142y umiej\u0119tnie nawi\u0105zuj\u0105c do tw\u00f3rczo\u015bci znanych artyst\u00f3w. Inicjatorka pleneru artystycznego Zielona Sztuka, kt\u00f3ry do dzisiaj gromadzi i kszta\u0142ci w zakresie sztuk plastycznych uzdolnion\u0105 m\u0142odzie\u017c z Polski i Ukrainy. Organizatorka licznych konkurs\u00f3w i warsztat\u00f3w, m.in.; konkursu na rysunek filmowy, kt\u00f3ry towarzyszy\u0142 wystawie Mi\u0119dzynarodowego Konkursu na Eksperyment w Sztukach Wizualnych Pr\u00f3ba 4, konkursu Negativ Make-up, czy te\u017c warsztat\u00f3w rodzinnych \u201eP\u0142y\u0144 z pr\u0105dem\u201d. W kr\u0119gu jej zainteresowa\u0144 znajduje si\u0119 promowanie sztuki w\u015br\u00f3d m\u0142odzie\u017cy, dzieci i doros\u0142ych, ale r\u00f3wnie\u017c ceramika, kt\u00f3ra poch\u0142ania jej wolny czas. Uwielbia jazd\u0119 na nartach i rolkach nie pogardzi r\u00f3wnie\u017c p\u0142ywaniem.<\/p>\n<\/div><\/div>\n\n\n\n<div style=\"height:20px\" aria-hidden=\"true\" class=\"wp-block-spacer\"><\/div>\n\n\n\n<h3 class=\"wp-block-heading\">Katrina Sphagina<\/h3>\n\n\n\n<p>Absolwentka Grafiki Ksi\u0105\u017ckowej i Warsztatowej na wydziale Ukrai\u0144skiej Akademii Drukarstwa we Lwowie. Absolwentka Wydzia\u0142u Pedagogiczno-Artystycznego w Kaliszu. Aktywna uczestniczka mi\u0119dzynarodowych i lokalnych wystaw, gdzie wielokrotnie zdobywa\u0142a nagrody. Lubi pracowa\u0107 w r\u00f3\u017cnych technikach, poczynaj\u0105c od o\u0142\u00f3wka poprzez tusz, linoryt, akwarel\u0119, such\u0105 ig\u0142\u0119, ko\u0144cz\u0105c na grafice cyfrowej. Z rado\u015bci\u0105 dzieli si\u0119 swoj\u0105 wiedz\u0105  ucz\u0105c podstaw rysunku akademickiego, dobrze czuje si\u0119 w malarstwie pomagaj\u0105c rozwija\u0107 artystyczne wizje uczestnik\u00f3w zaj\u0119\u0107.<\/p>\n\n\n\n<p><\/p>\n\n\n\n<h3 class=\"wp-block-heading\">Gabriela Sieradzka<\/h3>\n\n\n\n<div style=\"height:20px\" aria-hidden=\"true\" class=\"wp-block-spacer\"><\/div>\n\n\n\n<p>Z wykszta\u0142cenia ceramik z zami\u0142owania pasjonatka sztuk pi\u0119knych. Pe\u0142na energii i zara\u017caj\u0105ca optymizmem oraz tw\u00f3rczymi wizjami opiekunka najm\u0142odszych grup kursant\u00f3w. Posiada magiczny kluczyk otwieraj\u0105cy g\u0142owy. Uwielbia abstrakcj\u0119 i tw\u00f3rcze wyzwania, lecz nie pogardzi realizmem, kt\u00f3rego z wielkim zaanga\u017cowaniem uczy na zaj\u0119ciach. <\/p>\n\n\n\n<p><\/p>\n\n\n\n<p><\/p>\n\n\n\n<div class=\"wp-block-group\"><div class=\"wp-block-group__inner-container is-layout-flow wp-block-group-is-layout-flow\">\n<h3 class=\"wp-block-heading\">Piotr Pietrzykowski<\/h3>\n\n\n\n<p>Za\u0142o\u017cyciel Szko\u0142y Rysunku Gliniana, sprawuj\u0105cy piecz\u0119 nad programem grupy architektonicznej. Absolwent Wydzia\u0142u Architektury na Politechnice Pozna\u0144skiej. Dyplom w Zak\u0142adzie Historii Architektury i Urbanistyki. Obecnie w\u0142a\u015bciciel Biura Architektonicznego Piotr Pietrzykowski (<a rel=\"noreferrer noopener\" href=\"http:\/\/www.e-visio.com.pl\/\" data-type=\"URL\" target=\"_blank\"><strong>e-visio.com.pl<\/strong>&nbsp;<\/a>)<\/p>\n<\/div><\/div>\n\n\n\n<div style=\"height:100px\" aria-hidden=\"true\" class=\"wp-block-spacer\"><\/div>\n\n\n\n<figure class=\"wp-block-embed is-type-rich is-provider-tiktok wp-block-embed-tiktok\"><div class=\"wp-block-embed__wrapper\">\n<blockquote class=\"tiktok-embed\" cite=\"https:\/\/www.tiktok.com\/@gliniana.szkola.rysunku\" data-unique-id=\"gliniana.szkola.rysunku\" data-embed-from=\"oembed\" data-embed-type=\"creator\" style=\"max-width:780px; min-width:288px;\"> <section> <a target=\"_blank\" href=\"https:\/\/www.tiktok.com\/@gliniana.szkola.rysunku?refer=creator_embed\">@gliniana.szkola.rysunku<\/a> <\/section> <\/blockquote> <script async src=\"https:\/\/www.tiktok.com\/embed.js\"><\/script>\n<\/div><\/figure>\n","protected":false},"excerpt":{"rendered":"<p>W minionym roku szkolnym osi\u0105gn\u0119li\u015bmy 100-procentow\u0105 zdawalno\u015b\u0107 na uczelnie wy\u017csze. W 2025 mamy nowych pierwszoroczniak\u00f3w na Politechnice Wroc\u0142awskiej, Pozna\u0144skiej, \u0141\u00f3dzkiej oraz Akademii Sztuk Pi\u0119knych we Wroc\u0142awiu i UAP Pozna\u0144. Najwy\u017cszy uzyskane wynik to 11 miejsce na li\u015bcie Architektury Politechniki Warszawskiej [&hellip;]<\/p>\n","protected":false},"author":1,"featured_media":0,"parent":0,"menu_order":0,"comment_status":"closed","ping_status":"closed","template":"page-templates\/page_fullwidth.php","meta":{"footnotes":""},"class_list":["post-8","page","type-page","status-publish","hentry","clearfix"],"_links":{"self":[{"href":"https:\/\/www.szkolarysunkukalisz.pl\/index.php?rest_route=\/wp\/v2\/pages\/8","targetHints":{"allow":["GET"]}}],"collection":[{"href":"https:\/\/www.szkolarysunkukalisz.pl\/index.php?rest_route=\/wp\/v2\/pages"}],"about":[{"href":"https:\/\/www.szkolarysunkukalisz.pl\/index.php?rest_route=\/wp\/v2\/types\/page"}],"author":[{"embeddable":true,"href":"https:\/\/www.szkolarysunkukalisz.pl\/index.php?rest_route=\/wp\/v2\/users\/1"}],"replies":[{"embeddable":true,"href":"https:\/\/www.szkolarysunkukalisz.pl\/index.php?rest_route=%2Fwp%2Fv2%2Fcomments&post=8"}],"version-history":[{"count":55,"href":"https:\/\/www.szkolarysunkukalisz.pl\/index.php?rest_route=\/wp\/v2\/pages\/8\/revisions"}],"predecessor-version":[{"id":842,"href":"https:\/\/www.szkolarysunkukalisz.pl\/index.php?rest_route=\/wp\/v2\/pages\/8\/revisions\/842"}],"wp:attachment":[{"href":"https:\/\/www.szkolarysunkukalisz.pl\/index.php?rest_route=%2Fwp%2Fv2%2Fmedia&parent=8"}],"curies":[{"name":"wp","href":"https:\/\/api.w.org\/{rel}","templated":true}]}}