{"id":637,"date":"2023-08-17T13:32:56","date_gmt":"2023-08-17T13:32:56","guid":{"rendered":"https:\/\/www.szkolarysunkukalisz.pl\/?page_id=637"},"modified":"2025-09-06T07:22:12","modified_gmt":"2025-09-06T07:22:12","slug":"faq","status":"publish","type":"page","link":"https:\/\/www.szkolarysunkukalisz.pl\/?page_id=637","title":{"rendered":"FAQ"},"content":{"rendered":"\n<div style=\"height:10px\" aria-hidden=\"true\" class=\"wp-block-spacer\"><\/div>\n\n\n\n<h2 class=\"wp-block-heading\">czyli najcz\u0119\u015bciej zadawane pytania:<\/h2>\n\n\n\n<div style=\"height:50px\" aria-hidden=\"true\" class=\"wp-block-spacer\"><\/div>\n\n\n\n<p class=\"has-text-color\" style=\"color:#f50358\"><strong>Co przynie\u015b\u0107 na zaj\u0119cia? <\/strong><\/p>\n\n\n\n<p><strong>Lista produkt\u00f3w koniecznych: <\/strong><\/p>\n\n\n\n<ul class=\"wp-block-list\">\n<li>szkicownik w formacie a4\/a3 lub brystol 50&#215;70 cm\/ 100&#215;70 cm (dla klas licealnych, zale\u017cnie od wybranego kierunku)<\/li>\n\n\n\n<li>zestaw mi\u0119kkich o\u0142\u00f3wk\u00f3w lub o\u0142\u00f3wki 2B, 4B, 6B<\/li>\n\n\n\n<li>gumka do mazania<\/li>\n\n\n\n<li>gumka chlebowa<\/li>\n\n\n\n<li>temper\u00f3wka<\/li>\n\n\n\n<li>zestaw kredek akwarelowych (szczeg\u00f3lnie w grupach klas 1-4, 5-8)<\/li>\n\n\n\n<li>cienkopis lub zestaw cienkopis\u00f3w<\/li>\n<\/ul>\n\n\n\n<p class=\"has-text-align-left\"><strong>Lista produkt\u00f3w przydatnych: <\/strong><\/p>\n\n\n\n<ul class=\"wp-block-list\">\n<li>gumka w o\u0142\u00f3wku<\/li>\n\n\n\n<li>w\u0119giel<\/li>\n\n\n\n<li>zestaw pasteli olejnych<\/li>\n\n\n\n<li>zestaw pasteli suchych <\/li>\n\n\n\n<li>o\u0142\u00f3wek mechaniczny<\/li>\n\n\n\n<li>tusz, pi\u00f3rko<\/li>\n<\/ul>\n\n\n\n<div style=\"height:10px\" aria-hidden=\"true\" class=\"wp-block-spacer\"><\/div>\n\n\n\n<p class=\"has-text-color\" style=\"color:#f50358\"><strong>Co oznaczaj\u0105 nazwy grup?<\/strong><\/p>\n\n\n\n<p>Nazwy s\u0142u\u017c\u0105 rozr\u00f3\u017cnieniu grup, nie opisuj\u0105 jednak poziomu. Ka\u017cda grupa ma swojego artystycznego patrona, kt\u00f3rego tw\u00f3rczo\u015b\u0107 b\u0119dziemy poznawali na zaj\u0119ciach.<\/p>\n\n\n\n<p class=\"has-text-color\" style=\"color:#f50358\"><strong>Moje dziecko nigdy nie rysowa\u0142o, czy s\u0105 zaj\u0119cia ucz\u0105ce od podstaw?<\/strong><\/p>\n\n\n\n<p>Zawsze zaczynamy od podstaw.<\/p>\n\n\n\n<p class=\"has-text-color\" style=\"color:#f50358\"><strong>Czy zaj\u0119cia r\u00f3\u017cni\u0105 si\u0119 czym\u015b w poszczeg\u00f3lne dni?<\/strong><\/p>\n\n\n\n<p>Grupy w tej samej kategorii wiekowej realizuj\u0105 jeden program zaj\u0119\u0107, tematy niczym si\u0119 nie r\u00f3\u017cni\u0105.<\/p>\n\n\n\n<p class=\"has-text-color\" style=\"color:#f50358\"><strong>Czy odbywaj\u0105 si\u0119 zaj\u0119cia z malarstwa lub rze\u017aby?<\/strong><\/p>\n\n\n\n<p>Tak, je\u017celi tylko uczestnicy wyra\u017c\u0105 tak\u0105 ch\u0119\u0107. Cz\u0119sto na zaj\u0119cia przychodz\u0105 osoby przygotowuj\u0105ce si\u0119 do egzaminu na studia artystyczne lub do liceum plastycznego, w tym wypadku malarstwo i elementy rze\u017aby realizujemy w trakcie zaj\u0119\u0107 obowi\u0105zkowych. Zdarza si\u0119 r\u00f3wnie\u017c dzielenie grupy gdzie podczas jednych zaj\u0119\u0107 cz\u0119\u015b\u0107 grupy tworzy p\u0142askorze\u017aby, rze\u017aby lub malarstwo w tym samym czasie kiedy reszta rysuje.<\/p>\n\n\n\n<p class=\"has-text-color\" style=\"color:#f50358\"><strong>Czy je\u015bli moje dziecko nigdy nie rysowa\u0142o, powinno ucz\u0119szcza\u0107 na zaj\u0119cia do m\u0142odszej grupy?<\/strong><\/p>\n\n\n\n<p>Do grup przydzielamy ze wzgl\u0119du na wiek, nie natomiast na poziom zaawansowania. Zdarza si\u0119, \u017ce dzieci i m\u0142odzie\u017c wykazuj\u0105ce wi\u0119ksze zdolno\u015bci przesuwane s\u0105 do grup starszych lub po prostu otrzymuj\u0105 dodatkowe, lub utrudnione tematy na zaj\u0119ciach. Je\u017celi natomiast poruszane zagadnienia wydaj\u0105 si\u0119 zbyt trudne staramy si\u0119 je maksymalnie u\u0142atwia\u0107.<\/p>\n\n\n\n<p class=\"has-text-color\" style=\"color:#f50358\"><strong>Czy do grupy mo\u017cna do\u0142\u0105czy\u0107 w dowolnym momencie<\/strong><\/p>\n\n\n\n<p>Tak, je\u017celi tylko s\u0105 miejsca w grupie.<\/p>\n\n\n\n<p class=\"has-text-color\" style=\"color:#f50358\"><strong>Czy s\u0105 prowadzone zaj\u0119cia dla doros\u0142ych?<\/strong><\/p>\n\n\n\n<p>Istnieje mo\u017cliwo\u015b\u0107 um\u00f3wienia si\u0119 na zaj\u0119cia indywidualne w godzinach dopo\u0142udniowych lub do\u0142\u0105czenia do grupy licealnej. Przewidujemy w ofercie warsztaty cykliczne, o kt\u00f3rych b\u0119dziemy informowa\u0107 na bie\u017c\u0105co<\/p>\n\n\n\n<p class=\"has-text-color\" style=\"color:#f50358\"><strong>Jak mo\u017cna zapisa\u0107 dziecko na zaj\u0119cia?<\/strong><\/p>\n\n\n\n<p>Wszelkie informacji dotycz\u0105ce zapis\u00f3w uzyskaj\u0105 Pa\u0144stwo kontaktuj\u0105c si\u0119 z nami poprzez: <\/p>\n\n\n\n<p>Facebook: <a href=\"https:\/\/www.facebook.com\/pracownia.gliniana\" data-type=\"link\" data-id=\"https:\/\/www.facebook.com\/pracownia.gliniana\">https:\/\/www.facebook.com\/pracownia.gliniana<\/a><\/p>\n\n\n\n<p>Instagram: <a href=\"https:\/\/www.instagram.com\/gliniana.szkola.rysunku\/\" data-type=\"link\" data-id=\"https:\/\/www.instagram.com\/gliniana.szkola.rysunku\/\">https:\/\/www.instagram.com\/gliniana.szkola.rysunku\/<\/a><\/p>\n\n\n\n<p>e-mail: gliniana10@gmail.com<\/p>\n\n\n\n<p>tel. 502 670 063<\/p>\n\n\n\n<p class=\"has-text-color\" style=\"color:#f50358\"><strong>Jaki jest koszt zaj\u0119\u0107 i w jaki spos\u00f3b mo\u017cna op\u0142aci\u0107 zaj\u0119cia?<\/strong><\/p>\n\n\n\n<ul class=\"wp-block-list\">\n<li>Klasy 1-4 (160 z\u0142\/4 zaj\u0119cia)<\/li>\n\n\n\n<li>Klasy 5-8 (180 z\u0142\/4 zaj\u0119cia)<\/li>\n\n\n\n<li>Liceum(340 z\u0142\/4 zaj\u0119cia)<\/li>\n<\/ul>\n\n\n\n<div style=\"height:10px\" aria-hidden=\"true\" class=\"wp-block-spacer\"><\/div>\n\n\n\n<p>Op\u0142at mo\u017cna dokonywa\u0107 przelewem na nr konta: <em>15 1090 1128 0000 0001 4256 5135<\/em> lub przez aplikacj\u0119 ActiveNow.<\/p>\n\n\n\n<p class=\"has-text-color\" style=\"color:#f50358\"><strong>Czy odbywaj\u0105 si\u0119 zaj\u0119cia w przerwy wakacyjne?<\/strong> <\/p>\n\n\n\n<p>Tak, w okresie ferii zimowych i wakacji organizowane s\u0105 dodatkowe warsztaty tematyczne. Zaj\u0119cia cotygodniowe na okres wakacyjny s\u0105 wstrzymane.<\/p>\n\n\n\n<p class=\"has-text-color\" style=\"color:#f50358\"><strong>Czy je\u017celi nie b\u0119dzie mnie na zaj\u0119ciach obowi\u0105zuje mnie op\u0142ata za ca\u0142y miesi\u0105c?<\/strong><\/p>\n\n\n\n<p>Przez ca\u0142y rok ucz\u0119szczania na zaj\u0119cia obowi\u0105zuje op\u0142ata z g\u00f3ry za miesi\u0105c. Wyj\u0105tkiem s\u0105 pierwsze zaj\u0119cia, kt\u00f3re rozliczane s\u0105 jednorazowo.<\/p>\n\n\n\n<p class=\"has-text-color\" style=\"color:#f50358\"><strong>Czy jest mo\u017cliwo\u015b\u0107 odrobienia zaj\u0119\u0107 w przypadku nieobecno\u015bci?<\/strong><\/p>\n\n\n\n<p>Tak, zaj\u0119cia mo\u017cna odrabia\u0107 w innym terminie w tej samej grupie wiekowej. Zaplanowany brak frekwencji mo\u017cna odrabia\u0107 tak\u017ce wcze\u015bniej, przed nieobecno\u015bci\u0105 na zaj\u0119ciach.<\/p>\n\n\n\n<p class=\"has-text-color\" style=\"color:#f50358\"><strong>W jaki spos\u00f3b mog\u0119 zg\u0142osi\u0107 nieobecno\u015b\u0107 na zaj\u0119ciach?<\/strong><\/p>\n\n\n\n<p>Nieobecno\u015b\u0107 na zaj\u0119ciach podobnie jak ich odrobienie mo\u017cna zg\u0142osi\u0107 poprzez system ActiveNow. Zach\u0119camy do \u015bci\u0105gni\u0119cia intuicyjnej aplikacji, kt\u00f3ra u\u0142atwi to zadanie.<\/p>\n\n\n\n<p class=\"has-text-color\" style=\"color:#f50358\"><strong>Jestem w klasie maturalnej, czy zd\u0105\u017c\u0119 przygotowa\u0107 si\u0119 do egzaminu na architektur\u0119 lub studia artystyczne?<\/strong><\/p>\n\n\n\n<p>Wp\u0142yw na efekty ma wiele czynnik\u00f3w. Du\u017co zale\u017cy od tego na jakim poziomie obecnie si\u0119 znajdujesz, czy du\u017co rysowa\u0142a\u015b\/\u0142e\u015b, czy to lubisz, jak szybko przyswajasz nowe umiej\u0119tno\u015bci, jak bardzo jeste\u015b zdeterminowany i systematyczny. Mo\u017cesz liczy\u0107 na to, \u017ce widz\u0105c Twoje zaanga\u017cowanie damy z siebie wszystko, aby pom\u00f3c Ci osi\u0105gn\u0105\u0107 cel. Rekordzi\u015bci przygotowywali si\u0119 3 miesi\u0105ce natomiast s\u0105 i tacy kt\u00f3rzy potrzebowali 3 lat. Najlepiej nie zostawia\u0107 takich decyzji na ostatni\u0105 chwil\u0119, na rysunek trzeba czasu.<\/p>\n\n\n\n<p><\/p>\n\n\n\n<p><\/p>\n","protected":false},"excerpt":{"rendered":"<p>czyli najcz\u0119\u015bciej zadawane pytania: Co przynie\u015b\u0107 na zaj\u0119cia? Lista produkt\u00f3w koniecznych: Lista produkt\u00f3w przydatnych: Co oznaczaj\u0105 nazwy grup? Nazwy s\u0142u\u017c\u0105 rozr\u00f3\u017cnieniu grup, nie opisuj\u0105 jednak poziomu. Ka\u017cda grupa ma swojego artystycznego patrona, kt\u00f3rego tw\u00f3rczo\u015b\u0107 b\u0119dziemy poznawali na zaj\u0119ciach. Moje dziecko [&hellip;]<\/p>\n","protected":false},"author":1,"featured_media":0,"parent":0,"menu_order":0,"comment_status":"closed","ping_status":"closed","template":"page-templates\/page_fullwidth.php","meta":{"footnotes":""},"class_list":["post-637","page","type-page","status-publish","hentry","clearfix"],"_links":{"self":[{"href":"https:\/\/www.szkolarysunkukalisz.pl\/index.php?rest_route=\/wp\/v2\/pages\/637","targetHints":{"allow":["GET"]}}],"collection":[{"href":"https:\/\/www.szkolarysunkukalisz.pl\/index.php?rest_route=\/wp\/v2\/pages"}],"about":[{"href":"https:\/\/www.szkolarysunkukalisz.pl\/index.php?rest_route=\/wp\/v2\/types\/page"}],"author":[{"embeddable":true,"href":"https:\/\/www.szkolarysunkukalisz.pl\/index.php?rest_route=\/wp\/v2\/users\/1"}],"replies":[{"embeddable":true,"href":"https:\/\/www.szkolarysunkukalisz.pl\/index.php?rest_route=%2Fwp%2Fv2%2Fcomments&post=637"}],"version-history":[{"count":17,"href":"https:\/\/www.szkolarysunkukalisz.pl\/index.php?rest_route=\/wp\/v2\/pages\/637\/revisions"}],"predecessor-version":[{"id":847,"href":"https:\/\/www.szkolarysunkukalisz.pl\/index.php?rest_route=\/wp\/v2\/pages\/637\/revisions\/847"}],"wp:attachment":[{"href":"https:\/\/www.szkolarysunkukalisz.pl\/index.php?rest_route=%2Fwp%2Fv2%2Fmedia&parent=637"}],"curies":[{"name":"wp","href":"https:\/\/api.w.org\/{rel}","templated":true}]}}