{"id":349,"date":"2021-09-20T11:53:29","date_gmt":"2021-09-20T11:53:29","guid":{"rendered":"https:\/\/www.szkolarysunkukalisz.pl\/?page_id=349"},"modified":"2025-08-04T15:19:17","modified_gmt":"2025-08-04T15:19:17","slug":"regulamin","status":"publish","type":"page","link":"https:\/\/www.szkolarysunkukalisz.pl\/?page_id=349","title":{"rendered":"Regulamin"},"content":{"rendered":"\n<div class=\"wp-block-buttons is-layout-flex wp-block-buttons-is-layout-flex\">\n<div class=\"wp-block-button\"><a class=\"wp-block-button__link wp-element-button\" href=\"https:\/\/drive.google.com\/file\/d\/1AOUgpUaHOYn7zBeIpOPOvO2KNnqPTshn\/view?usp=sharing\">pobierz<\/a><\/div>\n<\/div>\n\n\n\n<p>Regulamin zaj\u0119\u0107 w Szkole Rysunku Gliniana<\/p>\n\n\n\n<div class=\"wp-block-buttons is-layout-flex wp-block-buttons-is-layout-flex\">\n<div class=\"wp-block-button\"><a class=\"wp-block-button__link wp-element-button\" href=\"https:\/\/drive.google.com\/file\/d\/1QG0qwDaAkijoMdED42zXYt1YFe_1p8f9\/view?usp=sharing\">pobierz<\/a><\/div>\n<\/div>\n\n\n\n<p>Standardy Ochrony Ma\u0142oletnich<\/p>\n\n\n\n<div style=\"height:20px\" aria-hidden=\"true\" class=\"wp-block-spacer\"><\/div>\n\n\n\n<p><\/p>\n","protected":false},"excerpt":{"rendered":"<p>Regulamin zaj\u0119\u0107 w Szkole Rysunku Gliniana Standardy Ochrony Ma\u0142oletnich<\/p>\n","protected":false},"author":1,"featured_media":0,"parent":0,"menu_order":0,"comment_status":"closed","ping_status":"closed","template":"page-templates\/page_fullwidth.php","meta":{"footnotes":""},"class_list":["post-349","page","type-page","status-publish","hentry","clearfix"],"_links":{"self":[{"href":"https:\/\/www.szkolarysunkukalisz.pl\/index.php?rest_route=\/wp\/v2\/pages\/349","targetHints":{"allow":["GET"]}}],"collection":[{"href":"https:\/\/www.szkolarysunkukalisz.pl\/index.php?rest_route=\/wp\/v2\/pages"}],"about":[{"href":"https:\/\/www.szkolarysunkukalisz.pl\/index.php?rest_route=\/wp\/v2\/types\/page"}],"author":[{"embeddable":true,"href":"https:\/\/www.szkolarysunkukalisz.pl\/index.php?rest_route=\/wp\/v2\/users\/1"}],"replies":[{"embeddable":true,"href":"https:\/\/www.szkolarysunkukalisz.pl\/index.php?rest_route=%2Fwp%2Fv2%2Fcomments&post=349"}],"version-history":[{"count":20,"href":"https:\/\/www.szkolarysunkukalisz.pl\/index.php?rest_route=\/wp\/v2\/pages\/349\/revisions"}],"predecessor-version":[{"id":844,"href":"https:\/\/www.szkolarysunkukalisz.pl\/index.php?rest_route=\/wp\/v2\/pages\/349\/revisions\/844"}],"wp:attachment":[{"href":"https:\/\/www.szkolarysunkukalisz.pl\/index.php?rest_route=%2Fwp%2Fv2%2Fmedia&parent=349"}],"curies":[{"name":"wp","href":"https:\/\/api.w.org\/{rel}","templated":true}]}}